{"id":23449,"date":"2023-12-01T12:09:54","date_gmt":"2023-12-01T17:09:54","guid":{"rendered":"https:\/\/interligne.co\/workplace-documentation\/"},"modified":"2024-06-07T16:29:44","modified_gmt":"2024-06-07T20:29:44","slug":"workplace-documentation","status":"publish","type":"page","link":"https:\/\/interligne.co\/en\/workplace-documentation\/","title":{"rendered":"Workplace documentation"},"content":{"rendered":"<div class=\"fusion-fullwidth fullwidth-box fusion-builder-row-1 fusion-flex-container has-pattern-background has-mask-background nonhundred-percent-fullwidth non-hundred-percent-height-scrolling\" style=\"--awb-border-radius-top-left:0px;--awb-border-radius-top-right:0px;--awb-border-radius-bottom-right:0px;--awb-border-radius-bottom-left:0px;--awb-padding-top:150px;--awb-padding-bottom:150px;--awb-flex-wrap:wrap;\" ><div class=\"fusion-builder-row fusion-row fusion-flex-align-items-flex-start fusion-flex-content-wrap\" style=\"max-width:1248px;margin-left: calc(-4% \/ 2 );margin-right: calc(-4% \/ 2 );\"><div class=\"fusion-layout-column fusion_builder_column fusion-builder-column-0 fusion_builder_column_1_1 1_1 fusion-flex-column\" style=\"--awb-bg-size:cover;--awb-width-large:100%;--awb-margin-top-large:0px;--awb-spacing-right-large:1.92%;--awb-margin-bottom-large:0px;--awb-spacing-left-large:1.92%;--awb-width-medium:100%;--awb-order-medium:0;--awb-spacing-right-medium:1.92%;--awb-spacing-left-medium:1.92%;--awb-width-small:100%;--awb-order-small:0;--awb-spacing-right-small:1.92%;--awb-spacing-left-small:1.92%;\" data-scroll-devices=\"small-visibility,medium-visibility,large-visibility\"><div class=\"fusion-column-wrapper fusion-column-has-shadow fusion-flex-justify-content-flex-start fusion-content-layout-row\"><div class=\"fusion-post-cards fusion-post-cards-1 fusion-grid-archive fusion-grid-columns-3\" style=\"--awb-dots-align:center;--awb-columns:3;--awb-active-filter-border-size:3px;--awb-filters-height:36px;--awb-columns-medium:100%;--awb-columns-small:100%;\" data-post-type-label=\"documents\"><ul class=\"fusion-grid fusion-grid-3 fusion-flex-align-items-stretch fusion-grid-posts-cards\"><li class=\"fusion-layout-column fusion_builder_column fusion-builder-column-1 fusion-flex-column post-card fusion-grid-column fusion-post-cards-grid-column\" style=\"--awb-padding-top:20px;--awb-padding-right:20px;--awb-padding-bottom:20px;--awb-padding-left:20px;--awb-bg-color:#f7f3ef;--awb-bg-color-hover:#f7f3ef;--awb-bg-blend:overlay;--awb-bg-size:cover;--awb-border-color:#202020;--awb-border-left:5px;--awb-border-style:solid;--awb-flex-grow:0;--awb-flex-shrink:0;--awb-flex-grow-medium:0;--awb-flex-shrink-medium:0;--awb-flex-grow-small:0;--awb-flex-shrink-small:0;\" data-scroll-devices=\"small-visibility,medium-visibility,large-visibility\"><div class=\"fusion-column-wrapper fusion-column-has-shadow fusion-flex-justify-content-flex-start fusion-content-layout-column\"><div class=\"fusion-text fusion-text-1 tag-doc-cat tag-equifierte\"><p><a href=\"https:\/\/interligne.co\/en\/categorie-de-document\/workplace\/\" title=\"Workplace\">Workplace<\/a><\/p>\n<\/div><div class=\"fusion-title title fusion-title-1 fusion-sep-none fusion-title-text fusion-title-size-four\" style=\"--awb-margin-top-small:10px;--awb-margin-right-small:0px;--awb-margin-bottom-small:10px;--awb-margin-left-small:0px;\"><h4 class=\"fusion-title-heading title-heading-left\" style=\"margin:0;\">Guide sur les droits des personnes face \u00e0 l&#8217;homophobie en milieu de travail<\/h4><\/div><div class=\"fusion-text fusion-text-2\"><p>Gouvernement du Qu\u00e9bec, Commission des normes, de l\u2019\u00e9quit\u00e9, de la sant\u00e9 et de la s\u00e9curit\u00e9 du travail (CNESST), Minist\u00e8re du Travail, de l\u2019Emploi et de la Solidarit\u00e9 sociale, (2016) In french only<\/p>\n<\/div><\/div><\/li>\n<li class=\"fusion-layout-column fusion_builder_column fusion-builder-column-2 fusion-flex-column post-card fusion-grid-column fusion-post-cards-grid-column\" style=\"--awb-padding-top:20px;--awb-padding-right:20px;--awb-padding-bottom:20px;--awb-padding-left:20px;--awb-bg-color:#f7f3ef;--awb-bg-color-hover:#f7f3ef;--awb-bg-blend:overlay;--awb-bg-size:cover;--awb-border-color:#202020;--awb-border-left:5px;--awb-border-style:solid;--awb-flex-grow:0;--awb-flex-shrink:0;--awb-flex-grow-medium:0;--awb-flex-shrink-medium:0;--awb-flex-grow-small:0;--awb-flex-shrink-small:0;\" data-scroll-devices=\"small-visibility,medium-visibility,large-visibility\"><div class=\"fusion-column-wrapper fusion-column-has-shadow fusion-flex-justify-content-flex-start fusion-content-layout-column\"><div class=\"fusion-text fusion-text-3 tag-doc-cat tag-equifierte\"><p><a href=\"https:\/\/interligne.co\/en\/categorie-de-document\/workplace\/\" title=\"Workplace\">Workplace<\/a><\/p>\n<\/div><div class=\"fusion-title title fusion-title-2 fusion-sep-none fusion-title-text fusion-title-size-four\" style=\"--awb-margin-top-small:10px;--awb-margin-right-small:0px;--awb-margin-bottom-small:10px;--awb-margin-left-small:0px;\"><h4 class=\"fusion-title-heading title-heading-left\" style=\"margin:0;\">L\u2019inclusion LGBT en PME, des vid\u00e9os pour sensibiliser les entreprises<\/h4><\/div><div class=\"fusion-text fusion-text-4\"><p>Chambre de commerce LGBT du Qu\u00e9bec, (2020) In french only<\/p>\n<\/div><\/div><\/li>\n<li class=\"fusion-layout-column fusion_builder_column fusion-builder-column-3 fusion-flex-column post-card fusion-grid-column fusion-post-cards-grid-column\" style=\"--awb-padding-top:20px;--awb-padding-right:20px;--awb-padding-bottom:20px;--awb-padding-left:20px;--awb-bg-color:#f7f3ef;--awb-bg-color-hover:#f7f3ef;--awb-bg-blend:overlay;--awb-bg-size:cover;--awb-border-color:#202020;--awb-border-left:5px;--awb-border-style:solid;--awb-flex-grow:0;--awb-flex-shrink:0;--awb-flex-grow-medium:0;--awb-flex-shrink-medium:0;--awb-flex-grow-small:0;--awb-flex-shrink-small:0;\" data-scroll-devices=\"small-visibility,medium-visibility,large-visibility\"><div class=\"fusion-column-wrapper fusion-column-has-shadow fusion-flex-justify-content-flex-start fusion-content-layout-column\"><div class=\"fusion-text fusion-text-5 tag-doc-cat tag-equifierte\"><p><a href=\"https:\/\/interligne.co\/en\/categorie-de-document\/workplace\/\" title=\"Workplace\">Workplace<\/a><\/p>\n<\/div><div class=\"fusion-title title fusion-title-3 fusion-sep-none fusion-title-text fusion-title-size-four\" style=\"--awb-margin-top-small:10px;--awb-margin-right-small:0px;--awb-margin-bottom-small:10px;--awb-margin-left-small:0px;\"><h4 class=\"fusion-title-heading title-heading-left\" style=\"margin:0;\">Homosexualit\u00e9 et milieu de travail<\/h4><\/div><div class=\"fusion-text fusion-text-6\"><p>Sondage L\u00e9ger Marketing, (2006) In french only<\/p>\n<\/div><\/div><\/li>\n<li class=\"fusion-layout-column fusion_builder_column fusion-builder-column-4 fusion-flex-column post-card fusion-grid-column fusion-post-cards-grid-column\" style=\"--awb-padding-top:20px;--awb-padding-right:20px;--awb-padding-bottom:20px;--awb-padding-left:20px;--awb-bg-color:#f7f3ef;--awb-bg-color-hover:#f7f3ef;--awb-bg-blend:overlay;--awb-bg-size:cover;--awb-border-color:#202020;--awb-border-left:5px;--awb-border-style:solid;--awb-flex-grow:0;--awb-flex-shrink:0;--awb-flex-grow-medium:0;--awb-flex-shrink-medium:0;--awb-flex-grow-small:0;--awb-flex-shrink-small:0;\" data-scroll-devices=\"small-visibility,medium-visibility,large-visibility\"><div class=\"fusion-column-wrapper fusion-column-has-shadow fusion-flex-justify-content-flex-start fusion-content-layout-column\"><div class=\"fusion-text fusion-text-7 tag-doc-cat tag-equifierte\"><p><a href=\"https:\/\/interligne.co\/en\/categorie-de-document\/workplace\/\" title=\"Workplace\">Workplace<\/a><\/p>\n<\/div><div class=\"fusion-title title fusion-title-4 fusion-sep-none fusion-title-text fusion-title-size-four\" style=\"--awb-margin-top-small:10px;--awb-margin-right-small:0px;--awb-margin-bottom-small:10px;--awb-margin-left-small:0px;\"><h4 class=\"fusion-title-heading title-heading-left\" style=\"margin:0;\">Guide sur les droits des personnes face \u00e0 l\u2019homophobie en milieu de travail<\/h4><\/div><div class=\"fusion-text fusion-text-8\"><p>CNESST. (2016) In french only<\/p>\n<\/div><\/div><\/li>\n<li class=\"fusion-layout-column fusion_builder_column fusion-builder-column-5 fusion-flex-column post-card fusion-grid-column fusion-post-cards-grid-column\" style=\"--awb-padding-top:20px;--awb-padding-right:20px;--awb-padding-bottom:20px;--awb-padding-left:20px;--awb-bg-color:#f7f3ef;--awb-bg-color-hover:#f7f3ef;--awb-bg-blend:overlay;--awb-bg-size:cover;--awb-border-color:#202020;--awb-border-left:5px;--awb-border-style:solid;--awb-flex-grow:0;--awb-flex-shrink:0;--awb-flex-grow-medium:0;--awb-flex-shrink-medium:0;--awb-flex-grow-small:0;--awb-flex-shrink-small:0;\" data-scroll-devices=\"small-visibility,medium-visibility,large-visibility\"><div class=\"fusion-column-wrapper fusion-column-has-shadow fusion-flex-justify-content-flex-start fusion-content-layout-column\"><div class=\"fusion-text fusion-text-9 tag-doc-cat tag-equifierte\"><p><a href=\"https:\/\/interligne.co\/en\/categorie-de-document\/workplace\/\" title=\"Workplace\">Workplace<\/a><\/p>\n<\/div><div class=\"fusion-title title fusion-title-5 fusion-sep-none fusion-title-text fusion-title-size-four\" style=\"--awb-margin-top-small:10px;--awb-margin-right-small:0px;--awb-margin-bottom-small:10px;--awb-margin-left-small:0px;\"><h4 class=\"fusion-title-heading title-heading-left\" style=\"margin:0;\">Gais et lesbiennes en milieu de travail<\/h4><\/div><div class=\"fusion-text fusion-text-10\"><p>Chamberland, L. (2007) In french only<\/p>\n<\/div><\/div><\/li>\n<li class=\"fusion-layout-column fusion_builder_column fusion-builder-column-6 fusion-flex-column post-card fusion-grid-column fusion-post-cards-grid-column\" style=\"--awb-padding-top:20px;--awb-padding-right:20px;--awb-padding-bottom:20px;--awb-padding-left:20px;--awb-bg-color:#f7f3ef;--awb-bg-color-hover:#f7f3ef;--awb-bg-blend:overlay;--awb-bg-size:cover;--awb-border-color:#202020;--awb-border-left:5px;--awb-border-style:solid;--awb-flex-grow:0;--awb-flex-shrink:0;--awb-flex-grow-medium:0;--awb-flex-shrink-medium:0;--awb-flex-grow-small:0;--awb-flex-shrink-small:0;\" data-scroll-devices=\"small-visibility,medium-visibility,large-visibility\"><div class=\"fusion-column-wrapper fusion-column-has-shadow fusion-flex-justify-content-flex-start fusion-content-layout-column\"><div class=\"fusion-text fusion-text-11 tag-doc-cat tag-equifierte\"><p><a href=\"https:\/\/interligne.co\/en\/categorie-de-document\/workplace\/\" title=\"Workplace\">Workplace<\/a><\/p>\n<\/div><div class=\"fusion-title title fusion-title-6 fusion-sep-none fusion-title-text fusion-title-size-four\" style=\"--awb-margin-top-small:10px;--awb-margin-right-small:0px;--awb-margin-bottom-small:10px;--awb-margin-left-small:0px;\"><h4 class=\"fusion-title-heading title-heading-left\" style=\"margin:0;\">Gais et lesbiennes en milieu de travail<\/h4><\/div><div class=\"fusion-text fusion-text-12\"><p>Chamberland, L. (2007) In french only<\/p>\n<\/div><\/div><\/li>\n<li class=\"fusion-layout-column fusion_builder_column fusion-builder-column-7 fusion-flex-column post-card fusion-grid-column fusion-post-cards-grid-column\" style=\"--awb-padding-top:20px;--awb-padding-right:20px;--awb-padding-bottom:20px;--awb-padding-left:20px;--awb-bg-color:#f7f3ef;--awb-bg-color-hover:#f7f3ef;--awb-bg-blend:overlay;--awb-bg-size:cover;--awb-border-color:#202020;--awb-border-left:5px;--awb-border-style:solid;--awb-flex-grow:0;--awb-flex-shrink:0;--awb-flex-grow-medium:0;--awb-flex-shrink-medium:0;--awb-flex-grow-small:0;--awb-flex-shrink-small:0;\" data-scroll-devices=\"small-visibility,medium-visibility,large-visibility\"><div class=\"fusion-column-wrapper fusion-column-has-shadow fusion-flex-justify-content-flex-start fusion-content-layout-column\"><div class=\"fusion-text fusion-text-13 tag-doc-cat tag-equifierte\"><p><a href=\"https:\/\/interligne.co\/en\/categorie-de-document\/workplace\/\" title=\"Workplace\">Workplace<\/a><\/p>\n<\/div><div class=\"fusion-title title fusion-title-7 fusion-sep-none fusion-title-text fusion-title-size-four\" style=\"--awb-margin-top-small:10px;--awb-margin-right-small:0px;--awb-margin-bottom-small:10px;--awb-margin-left-small:0px;\"><h4 class=\"fusion-title-heading title-heading-left\" style=\"margin:0;\">Le d\u00e9fi d\u2019occuper un m\u00e9tier traditionnellement masculin : l\u2019exp\u00e9rience des travailleuses lesbiennes<\/h4><\/div><div class=\"fusion-text fusion-text-14\"><p>Johanne Paquin, Line Chamberland, (2005) In french only<\/p>\n<\/div><\/div><\/li>\n<li class=\"fusion-layout-column fusion_builder_column fusion-builder-column-8 fusion-flex-column post-card fusion-grid-column fusion-post-cards-grid-column\" style=\"--awb-padding-top:20px;--awb-padding-right:20px;--awb-padding-bottom:20px;--awb-padding-left:20px;--awb-bg-color:#f7f3ef;--awb-bg-color-hover:#f7f3ef;--awb-bg-blend:overlay;--awb-bg-size:cover;--awb-border-color:#202020;--awb-border-left:5px;--awb-border-style:solid;--awb-flex-grow:0;--awb-flex-shrink:0;--awb-flex-grow-medium:0;--awb-flex-shrink-medium:0;--awb-flex-grow-small:0;--awb-flex-shrink-small:0;\" data-scroll-devices=\"small-visibility,medium-visibility,large-visibility\"><div class=\"fusion-column-wrapper fusion-column-has-shadow fusion-flex-justify-content-flex-start fusion-content-layout-column\"><div class=\"fusion-text fusion-text-15 tag-doc-cat tag-equifierte\"><p><a href=\"https:\/\/interligne.co\/en\/categorie-de-document\/lgbtq-identities\/\" title=\"LGBTQ+ Identities\">LGBTQ+ Identities<\/a>-<a href=\"https:\/\/interligne.co\/en\/categorie-de-document\/workplace\/\" title=\"Workplace\">Workplace<\/a><\/p>\n<\/div><div class=\"fusion-title title fusion-title-8 fusion-sep-none fusion-title-text fusion-title-size-four\" style=\"--awb-margin-top-small:10px;--awb-margin-right-small:0px;--awb-margin-bottom-small:10px;--awb-margin-left-small:0px;\"><h4 class=\"fusion-title-heading title-heading-left\" style=\"margin:0;\">Comprendre la diversit\u00e9 sexuelle<\/h4><\/div><div class=\"fusion-text fusion-text-16\"><p>Association canadienne pour la sant\u00e9 mentale, (2004) In french only<\/p>\n<\/div><\/div><\/li>\n<\/ul><\/div><\/div><\/div><\/div><\/div>\n","protected":false},"excerpt":{"rendered":"","protected":false},"author":2,"featured_media":0,"parent":0,"menu_order":0,"comment_status":"closed","ping_status":"closed","template":"100-width.php","meta":{"_acf_changed":false,"footnotes":""},"class_list":["post-23449","page","type-page","status-publish","hentry"],"acf":[],"yoast_head":"<!-- This site is optimized with the Yoast SEO plugin v27.3 - https:\/\/yoast.com\/product\/yoast-seo-wordpress\/ -->\n<title>Workplace documentation - Interligne<\/title>\n<meta name=\"robots\" content=\"index, follow, max-snippet:-1, max-image-preview:large, max-video-preview:-1\" \/>\n<link rel=\"canonical\" href=\"https:\/\/interligne.co\/en\/workplace-documentation\/\" \/>\n<meta property=\"og:locale\" content=\"en_US\" \/>\n<meta property=\"og:type\" content=\"article\" \/>\n<meta property=\"og:title\" content=\"Workplace documentation - Interligne\" \/>\n<meta property=\"og:url\" content=\"https:\/\/interligne.co\/en\/workplace-documentation\/\" \/>\n<meta property=\"og:site_name\" content=\"Interligne\" \/>\n<meta property=\"article:modified_time\" content=\"2024-06-07T20:29:44+00:00\" \/>\n<meta name=\"twitter:card\" content=\"summary_large_image\" \/>\n<meta name=\"twitter:label1\" content=\"Est. reading time\" \/>\n\t<meta name=\"twitter:data1\" content=\"8 minutes\" \/>\n<script type=\"application\/ld+json\" class=\"yoast-schema-graph\">{\"@context\":\"https:\\\/\\\/schema.org\",\"@graph\":[{\"@type\":\"WebPage\",\"@id\":\"https:\\\/\\\/interligne.co\\\/en\\\/workplace-documentation\\\/\",\"url\":\"https:\\\/\\\/interligne.co\\\/en\\\/workplace-documentation\\\/\",\"name\":\"Workplace documentation - Interligne\",\"isPartOf\":{\"@id\":\"https:\\\/\\\/interligne.co\\\/en\\\/#website\"},\"datePublished\":\"2023-12-01T17:09:54+00:00\",\"dateModified\":\"2024-06-07T20:29:44+00:00\",\"breadcrumb\":{\"@id\":\"https:\\\/\\\/interligne.co\\\/en\\\/workplace-documentation\\\/#breadcrumb\"},\"inLanguage\":\"en-US\",\"potentialAction\":[{\"@type\":\"ReadAction\",\"target\":[\"https:\\\/\\\/interligne.co\\\/en\\\/workplace-documentation\\\/\"]}]},{\"@type\":\"BreadcrumbList\",\"@id\":\"https:\\\/\\\/interligne.co\\\/en\\\/workplace-documentation\\\/#breadcrumb\",\"itemListElement\":[{\"@type\":\"ListItem\",\"position\":1,\"name\":\"Accueil\",\"item\":\"https:\\\/\\\/interligne.co\\\/en\\\/\"},{\"@type\":\"ListItem\",\"position\":2,\"name\":\"Workplace documentation\"}]},{\"@type\":\"WebSite\",\"@id\":\"https:\\\/\\\/interligne.co\\\/en\\\/#website\",\"url\":\"https:\\\/\\\/interligne.co\\\/en\\\/\",\"name\":\"Interligne\",\"description\":\"Votre espace pour LGBTQ+\",\"publisher\":{\"@id\":\"https:\\\/\\\/interligne.co\\\/en\\\/#organization\"},\"potentialAction\":[{\"@type\":\"SearchAction\",\"target\":{\"@type\":\"EntryPoint\",\"urlTemplate\":\"https:\\\/\\\/interligne.co\\\/en\\\/?s={search_term_string}\"},\"query-input\":{\"@type\":\"PropertyValueSpecification\",\"valueRequired\":true,\"valueName\":\"search_term_string\"}}],\"inLanguage\":\"en-US\"},{\"@type\":\"Organization\",\"@id\":\"https:\\\/\\\/interligne.co\\\/en\\\/#organization\",\"name\":\"Interligne\",\"url\":\"https:\\\/\\\/interligne.co\\\/en\\\/\",\"logo\":{\"@type\":\"ImageObject\",\"inLanguage\":\"en-US\",\"@id\":\"https:\\\/\\\/interligne.co\\\/en\\\/#\\\/schema\\\/logo\\\/image\\\/\",\"url\":\"https:\\\/\\\/interligne.co\\\/wp-content\\\/uploads\\\/revslider\\\/accueil-v2-1\\\/interligne-color.png\",\"contentUrl\":\"https:\\\/\\\/interligne.co\\\/wp-content\\\/uploads\\\/revslider\\\/accueil-v2-1\\\/interligne-color.png\",\"width\":1000,\"height\":766,\"caption\":\"Interligne\"},\"image\":{\"@id\":\"https:\\\/\\\/interligne.co\\\/en\\\/#\\\/schema\\\/logo\\\/image\\\/\"}}]}<\/script>\n<!-- \/ Yoast SEO plugin. -->","yoast_head_json":{"title":"Workplace documentation - Interligne","robots":{"index":"index","follow":"follow","max-snippet":"max-snippet:-1","max-image-preview":"max-image-preview:large","max-video-preview":"max-video-preview:-1"},"canonical":"https:\/\/interligne.co\/en\/workplace-documentation\/","og_locale":"en_US","og_type":"article","og_title":"Workplace documentation - Interligne","og_url":"https:\/\/interligne.co\/en\/workplace-documentation\/","og_site_name":"Interligne","article_modified_time":"2024-06-07T20:29:44+00:00","twitter_card":"summary_large_image","twitter_misc":{"Est. reading time":"8 minutes"},"schema":{"@context":"https:\/\/schema.org","@graph":[{"@type":"WebPage","@id":"https:\/\/interligne.co\/en\/workplace-documentation\/","url":"https:\/\/interligne.co\/en\/workplace-documentation\/","name":"Workplace documentation - Interligne","isPartOf":{"@id":"https:\/\/interligne.co\/en\/#website"},"datePublished":"2023-12-01T17:09:54+00:00","dateModified":"2024-06-07T20:29:44+00:00","breadcrumb":{"@id":"https:\/\/interligne.co\/en\/workplace-documentation\/#breadcrumb"},"inLanguage":"en-US","potentialAction":[{"@type":"ReadAction","target":["https:\/\/interligne.co\/en\/workplace-documentation\/"]}]},{"@type":"BreadcrumbList","@id":"https:\/\/interligne.co\/en\/workplace-documentation\/#breadcrumb","itemListElement":[{"@type":"ListItem","position":1,"name":"Accueil","item":"https:\/\/interligne.co\/en\/"},{"@type":"ListItem","position":2,"name":"Workplace documentation"}]},{"@type":"WebSite","@id":"https:\/\/interligne.co\/en\/#website","url":"https:\/\/interligne.co\/en\/","name":"Interligne","description":"Votre espace pour LGBTQ+","publisher":{"@id":"https:\/\/interligne.co\/en\/#organization"},"potentialAction":[{"@type":"SearchAction","target":{"@type":"EntryPoint","urlTemplate":"https:\/\/interligne.co\/en\/?s={search_term_string}"},"query-input":{"@type":"PropertyValueSpecification","valueRequired":true,"valueName":"search_term_string"}}],"inLanguage":"en-US"},{"@type":"Organization","@id":"https:\/\/interligne.co\/en\/#organization","name":"Interligne","url":"https:\/\/interligne.co\/en\/","logo":{"@type":"ImageObject","inLanguage":"en-US","@id":"https:\/\/interligne.co\/en\/#\/schema\/logo\/image\/","url":"https:\/\/interligne.co\/wp-content\/uploads\/revslider\/accueil-v2-1\/interligne-color.png","contentUrl":"https:\/\/interligne.co\/wp-content\/uploads\/revslider\/accueil-v2-1\/interligne-color.png","width":1000,"height":766,"caption":"Interligne"},"image":{"@id":"https:\/\/interligne.co\/en\/#\/schema\/logo\/image\/"}}]}},"_links":{"self":[{"href":"https:\/\/interligne.co\/en\/wp-json\/wp\/v2\/pages\/23449","targetHints":{"allow":["GET"]}}],"collection":[{"href":"https:\/\/interligne.co\/en\/wp-json\/wp\/v2\/pages"}],"about":[{"href":"https:\/\/interligne.co\/en\/wp-json\/wp\/v2\/types\/page"}],"author":[{"embeddable":true,"href":"https:\/\/interligne.co\/en\/wp-json\/wp\/v2\/users\/2"}],"replies":[{"embeddable":true,"href":"https:\/\/interligne.co\/en\/wp-json\/wp\/v2\/comments?post=23449"}],"version-history":[{"count":1,"href":"https:\/\/interligne.co\/en\/wp-json\/wp\/v2\/pages\/23449\/revisions"}],"predecessor-version":[{"id":23450,"href":"https:\/\/interligne.co\/en\/wp-json\/wp\/v2\/pages\/23449\/revisions\/23450"}],"wp:attachment":[{"href":"https:\/\/interligne.co\/en\/wp-json\/wp\/v2\/media?parent=23449"}],"curies":[{"name":"wp","href":"https:\/\/api.w.org\/{rel}","templated":true}]}}